{"id":15,"date":"2026-04-10T07:31:33","date_gmt":"2026-04-10T07:31:33","guid":{"rendered":"http:\/\/serwer280495.lh.pl\/autoinstalator\/serwer280495.lh.pl\/wordpress157782\/?page_id=15"},"modified":"2026-04-10T08:42:25","modified_gmt":"2026-04-10T08:42:25","slug":"kontakt","status":"publish","type":"page","link":"https:\/\/dominikagrzybek.pl\/index.php\/kontakt\/","title":{"rendered":"Kontakt"},"content":{"rendered":"\t\t<div data-elementor-type=\"wp-page\" data-elementor-id=\"15\" class=\"elementor elementor-15\">\n\t\t\t\t<div class=\"elementor-element elementor-element-c91a5ef e-flex e-con-boxed e-con e-parent\" data-id=\"c91a5ef\" data-element_type=\"container\" data-e-type=\"container\">\n\t\t\t\t\t<div class=\"e-con-inner\">\n\t\t\t\t<div class=\"elementor-element elementor-element-a124db7 elementor-widget elementor-widget-html\" data-id=\"a124db7\" data-element_type=\"widget\" data-e-type=\"widget\" data-widget_type=\"html.default\">\n\t\t\t\t\t<section class=\"mf-contact\" aria-label=\"Kontakt - Magia Fotografii\">\n  <style>\n    .mf-contact{\n      position:relative;\n      width:100%;\n      background:#F3E7E1;\n      padding:110px 24px 90px;\n      font-family:'Inter',sans-serif;\n      color:#5c4339;\n      overflow:hidden;\n    }\n\n    .mf-contact,\n    .mf-contact *{\n      box-sizing:border-box;\n    }\n\n    .mf-contact__wrap{\n      max-width:1280px;\n      margin:0 auto;\n      position:relative;\n      z-index:2;\n    }\n\n    .mf-contact__header{\n      max-width:860px;\n      margin:0 auto 52px;\n      text-align:center;\n    }\n\n    .mf-contact__title{\n      margin:0 0 16px 0;\n      font-family:'Cormorant Garamond',serif;\n      font-size:clamp(3rem,5vw,4.4rem);\n      line-height:0.95;\n      letter-spacing:-0.03em;\n      font-weight:500;\n      color:#5a4036;\n    }\n\n    .mf-contact__lead{\n      margin:0 auto;\n      max-width:760px;\n      font-size:18px;\n      line-height:1.9;\n      color:#6d544a;\n    }\n\n    .mf-contact__ornament{\n      display:flex;\n      align-items:center;\n      justify-content:center;\n      margin:28px auto 0;\n      color:#b89588;\n      opacity:0.9;\n    }\n\n    .mf-contact__ornament svg{\n      width:72px;\n      height:18px;\n      display:block;\n    }\n\n    .mf-contact__grid{\n      display:grid;\n      grid-template-columns: 0.9fr 1.1fr;\n      gap:26px;\n      align-items:start;\n    }\n\n    .mf-contact__card,\n    .mf-contact__formbox{\n      background:rgba(255,255,255,0.16);\n      border:1px solid rgba(141,106,93,0.22);\n      box-shadow:0 10px 24px rgba(103,74,62,0.05);\n      min-height:100%;\n    }\n\n    .mf-contact__card{\n      padding:34px 30px;\n    }\n\n    .mf-contact__formbox{\n      padding:34px 30px 28px;\n    }\n\n    .mf-contact__section + .mf-contact__section{\n      margin-top:30px;\n      padding-top:26px;\n      border-top:1px solid rgba(141,106,93,0.14);\n    }\n\n    .mf-contact__kicker{\n      display:inline-block;\n      margin:0 0 10px 0;\n      font-size:11px;\n      line-height:1;\n      letter-spacing:0.16em;\n      text-transform:uppercase;\n      color:#9b786b;\n      font-weight:700;\n    }\n\n    .mf-contact__heading{\n      margin:0 0 10px 0;\n      font-family:'Cormorant Garamond',serif;\n      font-size:clamp(2rem,2.6vw,2.8rem);\n      line-height:1;\n      letter-spacing:-0.02em;\n      font-weight:500;\n      color:#5a4036;\n    }\n\n    .mf-contact__text{\n      margin:0;\n      font-size:16px;\n      line-height:1.85;\n      color:#6d544a;\n    }\n\n    .mf-contact__links{\n      display:grid;\n      gap:14px;\n      margin-top:18px;\n    }\n\n    .mf-contact__link{\n      display:flex;\n      align-items:flex-start;\n      gap:14px;\n      text-decoration:none !important;\n      color:#5c4339;\n      padding:14px 16px;\n      border:1px solid rgba(141,106,93,0.18);\n      background:rgba(255,255,255,0.22);\n      transition:all .28s ease;\n    }\n\n    .mf-contact__link:hover{\n      transform:translateY(-2px);\n      border-color:rgba(141,106,93,0.36);\n      background:rgba(255,255,255,0.34);\n      color:#5a4036;\n    }\n\n    .mf-contact__icon{\n      width:42px;\n      height:42px;\n      border-radius:50%;\n      display:flex;\n      align-items:center;\n      justify-content:center;\n      flex:0 0 42px;\n      background:rgba(255,255,255,0.55);\n      border:1px solid rgba(141,106,93,0.14);\n      color:#7c5f53;\n    }\n\n    .mf-contact__icon svg{\n      width:18px;\n      height:18px;\n      display:block;\n      fill:currentColor;\n    }\n\n    .mf-contact__link-label{\n      display:block;\n      margin:0 0 4px 0;\n      font-size:11px;\n      line-height:1.2;\n      letter-spacing:0.14em;\n      text-transform:uppercase;\n      color:#9b786b;\n      font-weight:700;\n    }\n\n    .mf-contact__link-value{\n      display:block;\n      font-size:17px;\n      line-height:1.55;\n      color:#5c4339;\n      word-break:break-word;\n    }\n\n    .mf-contact__socials{\n      display:flex;\n      flex-wrap:wrap;\n      gap:12px;\n      margin-top:18px;\n    }\n\n    .mf-contact__social{\n      width:48px;\n      height:48px;\n      border-radius:50%;\n      display:inline-flex;\n      align-items:center;\n      justify-content:center;\n      text-decoration:none !important;\n      color:#5c4339;\n      background:rgba(255,255,255,0.42);\n      border:1px solid rgba(141,106,93,0.14);\n      transition:all .28s ease;\n    }\n\n    .mf-contact__social:hover{\n      transform:translateY(-2px);\n      background:#fff;\n      color:#b47d73;\n    }\n\n    .mf-contact__social svg{\n      width:19px;\n      height:19px;\n      display:block;\n      fill:currentColor;\n    }\n\n    .mf-contact__form-intro{\n      margin:0 0 20px 0;\n      font-size:16px;\n      line-height:1.8;\n      color:#6d544a;\n    }\n\n    \/* CONTACT FORM 7 *\/\n    .mf-contact .wpcf7{\n      margin:0;\n    }\n\n    .mf-contact .wpcf7 form{\n      margin:0;\n    }\n\n    .mf-contact .wpcf7 p{\n      margin:0 0 16px 0;\n    }\n\n    .mf-contact .wpcf7 p:last-of-type{\n      margin-bottom:0;\n    }\n\n    .mf-contact .wpcf7 label{\n      display:block;\n      margin:0 0 8px 0;\n      font-size:12px;\n      line-height:1.3;\n      letter-spacing:0.12em;\n      text-transform:uppercase;\n      color:#8f6b5e;\n      font-weight:700;\n    }\n\n    .mf-contact .wpcf7 input[type=\"text\"],\n    .mf-contact .wpcf7 input[type=\"email\"],\n    .mf-contact .wpcf7 input[type=\"tel\"],\n    .mf-contact .wpcf7 input[type=\"url\"],\n    .mf-contact .wpcf7 input[type=\"number\"],\n    .mf-contact .wpcf7 input[type=\"date\"],\n    .mf-contact .wpcf7 textarea,\n    .mf-contact .wpcf7 select{\n      width:100%;\n      border:1px solid rgba(141,106,93,0.22);\n      background:rgba(255,255,255,0.46);\n      color:#5c4339;\n      font-family:'Inter',sans-serif;\n      font-size:15px;\n      line-height:1.5;\n      padding:15px 16px;\n      outline:none;\n      box-shadow:none;\n      border-radius:0;\n      transition:border-color .25s ease, background .25s ease, box-shadow .25s ease;\n    }\n\n    .mf-contact .wpcf7 textarea{\n      min-height:160px;\n      resize:vertical;\n    }\n\n    .mf-contact .wpcf7 input::placeholder,\n    .mf-contact .wpcf7 textarea::placeholder{\n      color:#9d7e71;\n      opacity:1;\n    }\n\n    .mf-contact .wpcf7 input:focus,\n    .mf-contact .wpcf7 textarea:focus,\n    .mf-contact .wpcf7 select:focus{\n      border-color:rgba(141,106,93,0.46);\n      background:rgba(255,255,255,0.72);\n      box-shadow:0 0 0 3px rgba(185,133,126,0.08);\n    }\n\n    .mf-contact .wpcf7 input[type=\"submit\"],\n    .mf-contact .wpcf7 button,\n    .mf-contact .wpcf7 .wpcf7-submit{\n      appearance:none;\n      -webkit-appearance:none;\n      border:none;\n      background:#c7988d;\n      color:#fff;\n      font-family:'Inter',sans-serif;\n      font-size:13px;\n      line-height:1;\n      letter-spacing:0.1em;\n      text-transform:uppercase;\n      font-weight:700;\n      padding:16px 28px;\n      min-height:50px;\n      cursor:pointer;\n      transition:all .28s ease;\n      box-shadow:none;\n      border-radius:999px;\n    }\n\n    .mf-contact .wpcf7 input[type=\"submit\"]:hover,\n    .mf-contact .wpcf7 button:hover,\n    .mf-contact .wpcf7 .wpcf7-submit:hover{\n      background:#bb877b;\n      transform:translateY(-2px);\n    }\n\n    .mf-contact .wpcf7-spinner{\n      margin:12px 0 0 10px;\n    }\n\n    .mf-contact .wpcf7-not-valid-tip{\n      margin-top:6px;\n      font-size:13px;\n      color:#a95d52;\n    }\n\n    .mf-contact .wpcf7 form .wpcf7-response-output{\n      margin:18px 0 0 0;\n      padding:12px 14px;\n      border:1px solid rgba(141,106,93,0.22);\n      background:rgba(255,255,255,0.4);\n      font-size:14px;\n      line-height:1.7;\n      color:#5c4339;\n    }\n\n    .mf-contact__soft{\n      position:absolute;\n      border-radius:50%;\n      pointer-events:none;\n      z-index:1;\n      background:radial-gradient(circle, rgba(255,255,255,0.22) 0%, rgba(255,255,255,0) 72%);\n    }\n\n    .mf-contact__soft--1{\n      width:320px;\n      height:320px;\n      left:-120px;\n      top:-90px;\n    }\n\n    .mf-contact__soft--2{\n      width:260px;\n      height:260px;\n      right:-70px;\n      bottom:30px;\n    }\n\n    @media (max-width: 1024px){\n      .mf-contact{\n        padding:90px 20px 80px;\n      }\n\n      .mf-contact__grid{\n        grid-template-columns:1fr;\n      }\n    }\n\n    @media (max-width: 767px){\n      .mf-contact{\n        padding:72px 14px 64px;\n      }\n\n      .mf-contact__header{\n        margin-bottom:40px;\n      }\n\n      .mf-contact__title{\n        font-size:clamp(2.7rem, 11vw, 3.5rem);\n      }\n\n      .mf-contact__lead{\n        font-size:16px;\n        line-height:1.85;\n      }\n\n      .mf-contact__ornament{\n        margin-top:20px;\n      }\n\n      .mf-contact__card,\n      .mf-contact__formbox{\n        padding:24px 18px;\n      }\n\n      .mf-contact__section + .mf-contact__section{\n        margin-top:24px;\n        padding-top:22px;\n      }\n\n      .mf-contact__heading{\n        font-size:2rem;\n      }\n\n      .mf-contact__text,\n      .mf-contact__form-intro{\n        font-size:15px;\n      }\n\n      .mf-contact__link{\n        padding:13px 14px;\n      }\n\n      .mf-contact__link-value{\n        font-size:16px;\n      }\n\n      .mf-contact__social{\n        width:44px;\n        height:44px;\n      }\n\n      .mf-contact .wpcf7 input[type=\"text\"],\n      .mf-contact .wpcf7 input[type=\"email\"],\n      .mf-contact .wpcf7 input[type=\"tel\"],\n      .mf-contact .wpcf7 input[type=\"url\"],\n      .mf-contact .wpcf7 input[type=\"number\"],\n      .mf-contact .wpcf7 input[type=\"date\"],\n      .mf-contact .wpcf7 textarea,\n      .mf-contact .wpcf7 select{\n        padding:14px 14px;\n        font-size:15px;\n      }\n\n      .mf-contact .wpcf7 input[type=\"submit\"],\n      .mf-contact .wpcf7 button,\n      .mf-contact .wpcf7 .wpcf7-submit{\n        width:100%;\n      }\n    }\n  <\/style>\n\n  <div class=\"mf-contact__soft mf-contact__soft--1\"><\/div>\n  <div class=\"mf-contact__soft mf-contact__soft--2\"><\/div>\n\n  <div class=\"mf-contact__wrap\">\n    <div class=\"mf-contact__header\">\n      <h2 class=\"mf-contact__title\">Kontakt<\/h2>\n      <p class=\"mf-contact__lead\">\n        Je\u015bli chcesz um\u00f3wi\u0107 sesj\u0119, dopyta\u0107 o szczeg\u00f3\u0142y lub wsp\u00f3lnie stworzy\u0107 co\u015b wyj\u0105tkowego,\n        napisz lub zadzwo\u0144. Z przyjemno\u015bci\u0105 odpowiem i pomog\u0119 wybra\u0107 najlepsz\u0105 opcj\u0119.\n      <\/p>\n\n      <div class=\"mf-contact__ornament\" aria-hidden=\"true\">\n        <svg viewBox=\"0 0 120 24\" fill=\"none\">\n          <path d=\"M6 12C18 12 20 4 27 4C33 4 34.5 10 39 12C34.5 14 33 20 27 20C20 20 18 12 6 12Z\" stroke=\"currentColor\" stroke-width=\"1.4\"\/>\n          <path d=\"M114 12C102 12 100 4 93 4C87 4 85.5 10 81 12C85.5 14 87 20 93 20C100 20 102 12 114 12Z\" stroke=\"currentColor\" stroke-width=\"1.4\"\/>\n          <path d=\"M39 12H81\" stroke=\"currentColor\" stroke-width=\"1.4\" stroke-linecap=\"round\"\/>\n          <circle cx=\"60\" cy=\"12\" r=\"2.4\" fill=\"currentColor\"\/>\n        <\/svg>\n      <\/div>\n    <\/div>\n\n    <div class=\"mf-contact__grid\">\n      <div class=\"mf-contact__card\">\n        <div class=\"mf-contact__section\">\n          <div class=\"mf-contact__kicker\">Magia Fotografii<\/div>\n          <h3 class=\"mf-contact__heading\">Napisz lub zadzwo\u0144<\/h3>\n          <p class=\"mf-contact__text\">\n            Jestem tutaj, aby odpowiedzie\u0107 na Twoje pytania, opowiedzie\u0107 o przebiegu sesji\n            i pom\u00f3c wybra\u0107 najlepsz\u0105 ofert\u0119 dopasowan\u0105 do Ciebie.\n          <\/p>\n\n          <div class=\"mf-contact__links\">\n            <a class=\"mf-contact__link\" href=\"tel:603679909\">\n              <span class=\"mf-contact__icon\" aria-hidden=\"true\">\n                <svg viewBox=\"0 0 24 24\">\n                  <path d=\"M6.6 10.8c1.8 3.6 4.8 6.6 8.4 8.4l2.8-2.8c.3-.3.8-.4 1.2-.3 1 .3 2.1.4 3.2.4.7 0 1.2.5 1.2 1.2V22c0 .7-.5 1.2-1.2 1.2C10 23.2.8 14 .8 2.8  .8 2.1 1.3 1.6 2 1.6h4.3c.7 0 1.2.5 1.2 1.2 0 1.1.1 2.2.4 3.2.1.4 0 .9-.3 1.2l-3 2.6z\"\/>\n                <\/svg>\n              <\/span>\n              <span>\n                <span class=\"mf-contact__link-label\">Telefon<\/span>\n                <span class=\"mf-contact__link-value\">603 679 909<\/span>\n              <\/span>\n            <\/a>\n\n            <a class=\"mf-contact__link\" href=\"mailto:magiauszok@gmail.com\">\n              <span class=\"mf-contact__icon\" aria-hidden=\"true\">\n                <svg viewBox=\"0 0 24 24\">\n                  <path d=\"M20 4H4a2 2 0 0 0-2 2v12a2 2 0 0 0 2 2h16a2 2 0 0 0 2-2V6a2 2 0 0 0-2-2zm0 2v.5l-8 5.2-8-5.2V6h16zM4 18V8.8l7.5 4.9a1 1 0 0 0 1 0L20 8.8V18H4z\"\/>\n                <\/svg>\n              <\/span>\n              <span>\n                <span class=\"mf-contact__link-label\">E-mail<\/span>\n                <span class=\"mf-contact__link-value\">magiauszok@gmail.com<\/span>\n              <\/span>\n            <\/a>\n          <\/div>\n        <\/div>\n\n        <div class=\"mf-contact__section\">\n          <div class=\"mf-contact__kicker\">B\u0105d\u017a na bie\u017c\u0105co<\/div>\n          <h3 class=\"mf-contact__heading\">Social media<\/h3>\n          <p class=\"mf-contact__text\">\n            Zajrzyj na moje profile, aby zobaczy\u0107 wi\u0119cej kadr\u00f3w, inspiracji i aktualnych realizacji.\n          <\/p>\n\n          <div class=\"mf-contact__socials\">\n            <a class=\"mf-contact__social\" href=\"https:\/\/www.facebook.com\/magiauszok\/\" target=\"_blank\" rel=\"noopener\" aria-label=\"Facebook\">\n              <svg viewBox=\"0 0 24 24\" aria-hidden=\"true\">\n                <path d=\"M13.5 22v-8h2.7l.4-3h-3.1V9.1c0-.9.3-1.6 1.6-1.6h1.7V4.8c-.3 0-1.3-.1-2.5-.1-2.5 0-4.2 1.5-4.2 4.3V11H7.5v3H10V22h3.5z\"\/>\n              <\/svg>\n            <\/a>\n\n            <a class=\"mf-contact__social\" href=\"https:\/\/www.instagram.com\/magiauszok\/\" target=\"_blank\" rel=\"noopener\" aria-label=\"Instagram\">\n              <svg viewBox=\"0 0 24 24\" aria-hidden=\"true\">\n                <path d=\"M7 2h10a5 5 0 0 1 5 5v10a5 5 0 0 1-5 5H7a5 5 0 0 1-5-5V7a5 5 0 0 1 5-5zm0 2.2A2.8 2.8 0 0 0 4.2 7v10A2.8 2.8 0 0 0 7 19.8h10a2.8 2.8 0 0 0 2.8-2.8V7A2.8 2.8 0 0 0 17 4.2H7zm10.3 1.6a1.1 1.1 0 1 1 0 2.2 1.1 1.1 0 0 1 0-2.2zM12 7a5 5 0 1 1 0 10 5 5 0 0 1 0-10zm0 2.2A2.8 2.8 0 1 0 12 15a2.8 2.8 0 0 0 0-5.6z\"\/>\n              <\/svg>\n            <\/a>\n          <\/div>\n        <\/div>\n      <\/div>\n\n      <div class=\"mf-contact__formbox\">\n        <div class=\"mf-contact__kicker\">Formularz kontaktowy<\/div>\n        <h3 class=\"mf-contact__heading\">Napisz wiadomo\u015b\u0107<\/h3>\n        <p class=\"mf-contact__form-intro\">\n          Wype\u0142nij formularz, a odezw\u0119 si\u0119 najszybciej, jak to mo\u017cliwe.\n        <\/p>\n\n        \n<div class=\"wpcf7 no-js\" id=\"wpcf7-f6-o1\" lang=\"pl-PL\" dir=\"ltr\" data-wpcf7-id=\"6\">\n<div class=\"screen-reader-response\"><p role=\"status\" aria-live=\"polite\" aria-atomic=\"true\"><\/p> <ul><\/ul><\/div>\n<form action=\"\/index.php\/wp-json\/wp\/v2\/pages\/15#wpcf7-f6-o1\" method=\"post\" class=\"wpcf7-form init\" aria-label=\"Formularz kontaktowy\" novalidate=\"novalidate\" data-status=\"init\">\n<fieldset class=\"hidden-fields-container\"><input type=\"hidden\" name=\"_wpcf7\" value=\"6\" \/><input type=\"hidden\" name=\"_wpcf7_version\" value=\"6.1.5\" \/><input type=\"hidden\" name=\"_wpcf7_locale\" value=\"pl_PL\" \/><input type=\"hidden\" name=\"_wpcf7_unit_tag\" value=\"wpcf7-f6-o1\" \/><input type=\"hidden\" name=\"_wpcf7_container_post\" value=\"0\" \/><input type=\"hidden\" name=\"_wpcf7_posted_data_hash\" value=\"\" \/>\n<\/fieldset>\n<p><label> Twoje imi\u0119 i nazwisko<br \/>\n<span class=\"wpcf7-form-control-wrap\" data-name=\"your-name\"><input size=\"40\" maxlength=\"400\" class=\"wpcf7-form-control wpcf7-text wpcf7-validates-as-required\" autocomplete=\"name\" aria-required=\"true\" aria-invalid=\"false\" value=\"\" type=\"text\" name=\"your-name\" \/><\/span> <\/label>\n<\/p>\n<p><label> Tw\u00f3j adres e-mail<br \/>\n<span class=\"wpcf7-form-control-wrap\" data-name=\"your-email\"><input size=\"40\" maxlength=\"400\" class=\"wpcf7-form-control wpcf7-email wpcf7-validates-as-required wpcf7-text wpcf7-validates-as-email\" autocomplete=\"email\" aria-required=\"true\" aria-invalid=\"false\" value=\"\" type=\"email\" name=\"your-email\" \/><\/span> <\/label>\n<\/p>\n<p><label> Temat<br \/>\n<span class=\"wpcf7-form-control-wrap\" data-name=\"your-subject\"><input size=\"40\" maxlength=\"400\" class=\"wpcf7-form-control wpcf7-text wpcf7-validates-as-required\" aria-required=\"true\" aria-invalid=\"false\" value=\"\" type=\"text\" name=\"your-subject\" \/><\/span> <\/label>\n<\/p>\n<p><label> Twoja wiadomo\u015bci (opcjonalne)<br \/>\n<span class=\"wpcf7-form-control-wrap\" data-name=\"your-message\"><textarea cols=\"40\" rows=\"10\" maxlength=\"2000\" class=\"wpcf7-form-control wpcf7-textarea\" aria-invalid=\"false\" name=\"your-message\"><\/textarea><\/span> <\/label>\n<\/p>\n<p><input class=\"wpcf7-form-control wpcf7-submit has-spinner\" type=\"submit\" value=\"Wy\u015blij\" \/>\n<\/p><div class=\"wpcf7-response-output\" aria-hidden=\"true\"><\/div>\n<\/form>\n<\/div>\n\n      <\/div>\n    <\/div>\n  <\/div>\n<\/section>\t\t\t\t<\/div>\n\t\t\t\t\t<\/div>\n\t\t\t\t<\/div>\n\t\t\t\t<\/div>\n\t\t","protected":false},"excerpt":{"rendered":"<p>Kontakt Je\u015bli chcesz um\u00f3wi\u0107 sesj\u0119, dopyta\u0107 o szczeg\u00f3\u0142y lub wsp\u00f3lnie stworzy\u0107 co\u015b wyj\u0105tkowego, napisz lub zadzwo\u0144. Z przyjemno\u015bci\u0105 odpowiem i [&hellip;]<\/p>\n","protected":false},"author":1,"featured_media":0,"parent":0,"menu_order":0,"comment_status":"closed","ping_status":"closed","template":"","meta":{"site-sidebar-layout":"no-sidebar","site-content-layout":"","ast-site-content-layout":"full-width-container","site-content-style":"default","site-sidebar-style":"default","ast-global-header-display":"","ast-banner-title-visibility":"","ast-main-header-display":"","ast-hfb-above-header-display":"","ast-hfb-below-header-display":"","ast-hfb-mobile-header-display":"","site-post-title":"disabled","ast-breadcrumbs-content":"","ast-featured-img":"disabled","footer-sml-layout":"","ast-disable-related-posts":"","theme-transparent-header-meta":"","adv-header-id-meta":"","stick-header-meta":"","header-above-stick-meta":"","header-main-stick-meta":"","header-below-stick-meta":"","astra-migrate-meta-layouts":"default","ast-page-background-enabled":"default","ast-page-background-meta":{"desktop":{"background-color":"var(--ast-global-color-5)","background-image":"","background-repeat":"repeat","background-position":"center center","background-size":"auto","background-attachment":"scroll","background-type":"","background-media":"","overlay-type":"","overlay-color":"","overlay-opacity":"","overlay-gradient":""},"tablet":{"background-color":"","background-image":"","background-repeat":"repeat","background-position":"center center","background-size":"auto","background-attachment":"scroll","background-type":"","background-media":"","overlay-type":"","overlay-color":"","overlay-opacity":"","overlay-gradient":""},"mobile":{"background-color":"","background-image":"","background-repeat":"repeat","background-position":"center center","background-size":"auto","background-attachment":"scroll","background-type":"","background-media":"","overlay-type":"","overlay-color":"","overlay-opacity":"","overlay-gradient":""}},"ast-content-background-meta":{"desktop":{"background-color":"var(--ast-global-color-4)","background-image":"","background-repeat":"repeat","background-position":"center center","background-size":"auto","background-attachment":"scroll","background-type":"","background-media":"","overlay-type":"","overlay-color":"","overlay-opacity":"","overlay-gradient":""},"tablet":{"background-color":"var(--ast-global-color-4)","background-image":"","background-repeat":"repeat","background-position":"center center","background-size":"auto","background-attachment":"scroll","background-type":"","background-media":"","overlay-type":"","overlay-color":"","overlay-opacity":"","overlay-gradient":""},"mobile":{"background-color":"var(--ast-global-color-4)","background-image":"","background-repeat":"repeat","background-position":"center center","background-size":"auto","background-attachment":"scroll","background-type":"","background-media":"","overlay-type":"","overlay-color":"","overlay-opacity":"","overlay-gradient":""}},"footnotes":""},"class_list":["post-15","page","type-page","status-publish","hentry"],"_links":{"self":[{"href":"https:\/\/dominikagrzybek.pl\/index.php\/wp-json\/wp\/v2\/pages\/15","targetHints":{"allow":["GET"]}}],"collection":[{"href":"https:\/\/dominikagrzybek.pl\/index.php\/wp-json\/wp\/v2\/pages"}],"about":[{"href":"https:\/\/dominikagrzybek.pl\/index.php\/wp-json\/wp\/v2\/types\/page"}],"author":[{"embeddable":true,"href":"https:\/\/dominikagrzybek.pl\/index.php\/wp-json\/wp\/v2\/users\/1"}],"replies":[{"embeddable":true,"href":"https:\/\/dominikagrzybek.pl\/index.php\/wp-json\/wp\/v2\/comments?post=15"}],"version-history":[{"count":5,"href":"https:\/\/dominikagrzybek.pl\/index.php\/wp-json\/wp\/v2\/pages\/15\/revisions"}],"predecessor-version":[{"id":89,"href":"https:\/\/dominikagrzybek.pl\/index.php\/wp-json\/wp\/v2\/pages\/15\/revisions\/89"}],"wp:attachment":[{"href":"https:\/\/dominikagrzybek.pl\/index.php\/wp-json\/wp\/v2\/media?parent=15"}],"curies":[{"name":"wp","href":"https:\/\/api.w.org\/{rel}","templated":true}]}}