{"id":8,"date":"2026-04-10T07:30:34","date_gmt":"2026-04-10T07:30:34","guid":{"rendered":"http:\/\/serwer280495.lh.pl\/autoinstalator\/serwer280495.lh.pl\/wordpress157782\/?page_id=8"},"modified":"2026-04-10T08:17:30","modified_gmt":"2026-04-10T08:17:30","slug":"home","status":"publish","type":"page","link":"https:\/\/dominikagrzybek.pl\/","title":{"rendered":"Home"},"content":{"rendered":"\t\t<div data-elementor-type=\"wp-page\" data-elementor-id=\"8\" class=\"elementor elementor-8\">\n\t\t\t\t<div class=\"elementor-element elementor-element-78bf3b1 e-flex e-con-boxed e-con e-parent\" data-id=\"78bf3b1\" data-element_type=\"container\" data-e-type=\"container\">\n\t\t\t\t\t<div class=\"e-con-inner\">\n\t\t\t\t<div class=\"elementor-element elementor-element-19b5a4c elementor-widget elementor-widget-html\" data-id=\"19b5a4c\" data-element_type=\"widget\" data-e-type=\"widget\" data-widget_type=\"html.default\">\n\t\t\t\t\t<section class=\"mf-hero-full\" aria-label=\"Hero - Magia Fotografii\">\n  <style>\n    .mf-hero-full{\n      position:relative;\n      width:100vw;\n      min-height:100vh;\n      margin-left:calc(50% - 50vw);\n      margin-right:calc(50% - 50vw);\n      overflow:hidden;\n      background:#F3E7E1;\n      font-family:'Inter',sans-serif;\n    }\n\n    .mf-hero-full,\n    .mf-hero-full *{\n      box-sizing:border-box;\n    }\n\n    .mf-hero-full__inner{\n      width:100%;\n      min-height:100vh;\n      display:grid;\n      grid-template-columns: 0.95fr 1.05fr;\n      align-items:center;\n      position:relative;\n    }\n\n    .mf-hero-full__content{\n      position:relative;\n      z-index:3;\n      padding:clamp(90px, 10vw, 140px) 5vw clamp(70px, 8vw, 110px) 7vw;\n      max-width:760px;\n    }\n\n    .mf-hero-full__label{\n      display:inline-block;\n      margin:0 0 20px 0;\n      font-size:12px;\n      font-weight:600;\n      letter-spacing:0.22em;\n      text-transform:uppercase;\n      color:#9a7a6c;\n    }\n\n    .mf-hero-full__title{\n      margin:0 0 26px 0;\n      font-family:'Cormorant Garamond', serif;\n      font-size:clamp(4.4rem, 7vw, 7.6rem);\n      line-height:0.88;\n      letter-spacing:-0.04em;\n      font-weight:500;\n      color:#5d4339;\n    }\n\n    .mf-hero-full__text{\n      max-width:520px;\n      margin:0 0 16px 0;\n      font-size:18px;\n      line-height:1.9;\n      color:#6e5449;\n      font-weight:400;\n    }\n\n    .mf-hero-full__text strong{\n      font-weight:600;\n      color:#5d4339;\n    }\n\n    .mf-hero-full__smalltitle{\n      margin:34px 0 18px 0;\n      font-size:15px;\n      line-height:1.6;\n      color:#8c6c5e;\n      font-weight:600;\n      letter-spacing:0.03em;\n    }\n\n    .mf-hero-full__buttons{\n      display:flex;\n      flex-wrap:wrap;\n      gap:14px;\n    }\n\n    .mf-hero-full__btn{\n      display:inline-flex;\n      align-items:center;\n      justify-content:center;\n      min-width:150px;\n      padding:16px 24px;\n      border-radius:999px;\n      text-decoration:none !important;\n      font-size:13px;\n      line-height:1;\n      text-transform:uppercase;\n      letter-spacing:0.09em;\n      font-weight:600;\n      transition:all .28s ease;\n    }\n\n    .mf-hero-full__btn--primary{\n      background:#c7988d;\n      color:#fff !important;\n      border:1px solid #c7988d;\n    }\n\n    .mf-hero-full__btn--primary:hover{\n      background:#bb877b;\n      border-color:#bb877b;\n      transform:translateY(-2px);\n      color:#fff !important;\n    }\n\n    .mf-hero-full__btn--ghost{\n      background:transparent;\n      color:#6a5045 !important;\n      border:1px solid rgba(106,80,69,0.24);\n    }\n\n    .mf-hero-full__btn--ghost:hover{\n      background:rgba(255,255,255,0.45);\n      transform:translateY(-2px);\n      color:#5d4339 !important;\n      border-color:rgba(106,80,69,0.34);\n    }\n\n    .mf-hero-full__visual{\n      position:relative;\n      min-height:100vh;\n      display:flex;\n      align-items:flex-end;\n      justify-content:center;\n      overflow:hidden;\n    }\n\n    .mf-hero-full__shape{\n      position:absolute;\n      inset:0;\n      background:\n        radial-gradient(circle at 68% 28%, rgba(255,255,255,0.32) 0%, rgba(255,255,255,0) 22%),\n        radial-gradient(circle at 78% 50%, rgba(255,255,255,0.18) 0%, rgba(255,255,255,0) 24%),\n        linear-gradient(180deg, #f3e7e1 0%, #f3e7e1 100%);\n      clip-path:ellipse(78% 88% at 65% 50%);\n      opacity:1;\n    }\n\n    .mf-hero-full__shape::after{\n      content:\"\";\n      position:absolute;\n      inset:10% 10% 7% 12%;\n      border:1px solid rgba(143,108,92,0.10);\n      border-radius:48% 52% 46% 54% \/ 44% 46% 54% 56%;\n      pointer-events:none;\n    }\n\n    .mf-hero-full__photo{\n      position:relative;\n      z-index:2;\n      display:block;\n      width:min(100%, 820px);\n      max-height:94vh;\n      object-fit:contain;\n      object-position:bottom center;\n      filter:drop-shadow(0 24px 46px rgba(91,66,56,0.12));\n    }\n\n    .mf-hero-full__glow{\n      position:absolute;\n      width:520px;\n      height:520px;\n      right:-120px;\n      bottom:-120px;\n      border-radius:50%;\n      background:radial-gradient(circle, rgba(211,167,156,0.18) 0%, rgba(211,167,156,0) 70%);\n      z-index:1;\n      pointer-events:none;\n    }\n\n    .mf-hero-full__line{\n      position:absolute;\n      left:7vw;\n      top:42px;\n      width:110px;\n      height:1px;\n      background:rgba(140,108,94,0.26);\n      z-index:4;\n    }\n\n    @media (max-width: 1180px){\n      .mf-hero-full__inner{\n        grid-template-columns:1fr 1fr;\n      }\n\n      .mf-hero-full__content{\n        padding:90px 4vw 70px 5vw;\n      }\n\n      .mf-hero-full__title{\n        font-size:clamp(4rem, 8vw, 6.2rem);\n      }\n\n      .mf-hero-full__text{\n        font-size:17px;\n      }\n\n      .mf-hero-full__photo{\n        width:min(100%, 700px);\n      }\n    }\n\n    @media (max-width: 980px){\n      .mf-hero-full{\n        min-height:auto;\n      }\n\n      .mf-hero-full__inner{\n        grid-template-columns:1fr;\n        min-height:auto;\n      }\n\n      .mf-hero-full__visual{\n        min-height:auto;\n        order:1;\n        padding:34px 18px 0 18px;\n      }\n\n      .mf-hero-full__shape{\n        clip-path:ellipse(92% 86% at 50% 46%);\n      }\n\n      .mf-hero-full__photo{\n        width:min(100%, 520px);\n        max-height:none;\n      }\n\n      .mf-hero-full__content{\n        order:2;\n        max-width:none;\n        padding:24px 22px 42px 22px;\n        text-align:center;\n      }\n\n      .mf-hero-full__line{\n        display:none;\n      }\n\n      .mf-hero-full__label{\n        margin-bottom:14px;\n      }\n\n      .mf-hero-full__title{\n        font-size:clamp(3.4rem, 16vw, 5.2rem);\n        line-height:0.92;\n        margin-bottom:18px;\n      }\n\n      .mf-hero-full__text{\n        max-width:none;\n        font-size:16px;\n        line-height:1.8;\n      }\n\n      .mf-hero-full__smalltitle{\n        margin-top:26px;\n        font-size:14px;\n      }\n\n      .mf-hero-full__buttons{\n        justify-content:center;\n      }\n\n      .mf-hero-full__btn{\n        width:100%;\n        max-width:320px;\n      }\n    }\n\n    @media (max-width: 640px){\n      .mf-hero-full{\n        width:100vw;\n        margin-left:calc(50% - 50vw);\n        margin-right:calc(50% - 50vw);\n        background:#F3E7E1;\n      }\n\n      .mf-hero-full__visual{\n        padding:22px 10px 0 10px;\n      }\n\n      .mf-hero-full__shape{\n        clip-path:ellipse(98% 88% at 50% 42%);\n      }\n\n      .mf-hero-full__photo{\n        width:min(100%, 430px);\n      }\n\n      .mf-hero-full__content{\n        padding:18px 16px 34px 16px;\n      }\n\n      .mf-hero-full__label{\n        font-size:11px;\n        letter-spacing:0.18em;\n      }\n\n      .mf-hero-full__title{\n        font-size:clamp(3rem, 15vw, 4.4rem);\n      }\n\n      .mf-hero-full__text{\n        font-size:15px;\n      }\n\n      .mf-hero-full__smalltitle{\n        font-size:13px;\n      }\n\n      .mf-hero-full__btn{\n        padding:15px 20px;\n        font-size:12px;\n      }\n    }\n  <\/style>\n\n  <div class=\"mf-hero-full__inner\">\n    <div class=\"mf-hero-full__line\"><\/div>\n\n    <div class=\"mf-hero-full__content\">\n      <div class=\"mf-hero-full__label\">Fotografia pe\u0142na emocji<\/div>\n\n      <h1 class=\"mf-hero-full__title\">Magia<br>Fotografii<\/h1>\n\n      <p class=\"mf-hero-full__text\">\n        Tworz\u0119 <strong>naturalne, kobiece i ponadczasowe kadry<\/strong>, kt\u00f3re zatrzymuj\u0105 emocje,\n        blisko\u015b\u0107 i pi\u0119kno prawdziwych moment\u00f3w.\n      <\/p>\n\n      <p class=\"mf-hero-full__text\">\n        Zapraszam Ci\u0119 do \u015bwiata ciep\u0142ej, estetycznej fotografii \u2014 pe\u0142nej subtelno\u015bci,\n        autentyczno\u015bci i historii, do kt\u00f3rych chce si\u0119 wraca\u0107.\n      <\/p>\n\n      <div class=\"mf-hero-full__smalltitle\">Sprawd\u017a co wyr\u00f3\u017cnia moje sesje:<\/div>\n\n      <div class=\"mf-hero-full__buttons\">\n        <a class=\"mf-hero-full__btn mf-hero-full__btn--primary\" href=\"https:\/\/dominikagrzybek.pl\/index.php\/o-mnie\/\">\n          O mnie\n        <\/a>\n\n        <a class=\"mf-hero-full__btn mf-hero-full__btn--ghost\" href=\"https:\/\/dominikagrzybek.pl\/index.php\/opinie\/\">\n          Opinie\n        <\/a>\n\n        <a class=\"mf-hero-full__btn mf-hero-full__btn--ghost\" href=\"https:\/\/dominikagrzybek.pl\/index.php\/oferta\/\">\n          Oferta\n        <\/a>\n      <\/div>\n    <\/div>\n\n    <div class=\"mf-hero-full__visual\">\n      <div class=\"mf-hero-full__shape\"><\/div>\n      <div class=\"mf-hero-full__glow\"><\/div>\n\n      <img decoding=\"async\"\n        class=\"mf-hero-full__photo\"\n        src=\"https:\/\/dominikagrzybek.pl\/wp-content\/uploads\/2026\/04\/profilowka-ciepla-scaled.jpg\"\n        alt=\"Fotografka\"\n        loading=\"eager\"\n      >\n    <\/div>\n  <\/div>\n<\/section>\t\t\t\t<\/div>\n\t\t\t\t\t<\/div>\n\t\t\t\t<\/div>\n\t\t\t\t<\/div>\n\t\t","protected":false},"excerpt":{"rendered":"<p>Fotografia pe\u0142na emocji MagiaFotografii Tworz\u0119 naturalne, kobiece i ponadczasowe kadry, kt\u00f3re zatrzymuj\u0105 emocje, blisko\u015b\u0107 i pi\u0119kno prawdziwych moment\u00f3w. Zapraszam Ci\u0119 [&hellip;]<\/p>\n","protected":false},"author":1,"featured_media":0,"parent":0,"menu_order":0,"comment_status":"closed","ping_status":"closed","template":"","meta":{"site-sidebar-layout":"no-sidebar","site-content-layout":"","ast-site-content-layout":"full-width-container","site-content-style":"default","site-sidebar-style":"default","ast-global-header-display":"","ast-banner-title-visibility":"","ast-main-header-display":"","ast-hfb-above-header-display":"","ast-hfb-below-header-display":"","ast-hfb-mobile-header-display":"","site-post-title":"disabled","ast-breadcrumbs-content":"","ast-featured-img":"disabled","footer-sml-layout":"","ast-disable-related-posts":"","theme-transparent-header-meta":"","adv-header-id-meta":"","stick-header-meta":"","header-above-stick-meta":"","header-main-stick-meta":"","header-below-stick-meta":"","astra-migrate-meta-layouts":"default","ast-page-background-enabled":"default","ast-page-background-meta":{"desktop":{"background-color":"var(--ast-global-color-5)","background-image":"","background-repeat":"repeat","background-position":"center center","background-size":"auto","background-attachment":"scroll","background-type":"","background-media":"","overlay-type":"","overlay-color":"","overlay-opacity":"","overlay-gradient":""},"tablet":{"background-color":"","background-image":"","background-repeat":"repeat","background-position":"center center","background-size":"auto","background-attachment":"scroll","background-type":"","background-media":"","overlay-type":"","overlay-color":"","overlay-opacity":"","overlay-gradient":""},"mobile":{"background-color":"","background-image":"","background-repeat":"repeat","background-position":"center center","background-size":"auto","background-attachment":"scroll","background-type":"","background-media":"","overlay-type":"","overlay-color":"","overlay-opacity":"","overlay-gradient":""}},"ast-content-background-meta":{"desktop":{"background-color":"var(--ast-global-color-4)","background-image":"","background-repeat":"repeat","background-position":"center center","background-size":"auto","background-attachment":"scroll","background-type":"","background-media":"","overlay-type":"","overlay-color":"","overlay-opacity":"","overlay-gradient":""},"tablet":{"background-color":"var(--ast-global-color-4)","background-image":"","background-repeat":"repeat","background-position":"center center","background-size":"auto","background-attachment":"scroll","background-type":"","background-media":"","overlay-type":"","overlay-color":"","overlay-opacity":"","overlay-gradient":""},"mobile":{"background-color":"var(--ast-global-color-4)","background-image":"","background-repeat":"repeat","background-position":"center center","background-size":"auto","background-attachment":"scroll","background-type":"","background-media":"","overlay-type":"","overlay-color":"","overlay-opacity":"","overlay-gradient":""}},"footnotes":""},"class_list":["post-8","page","type-page","status-publish","hentry"],"_links":{"self":[{"href":"https:\/\/dominikagrzybek.pl\/index.php\/wp-json\/wp\/v2\/pages\/8","targetHints":{"allow":["GET"]}}],"collection":[{"href":"https:\/\/dominikagrzybek.pl\/index.php\/wp-json\/wp\/v2\/pages"}],"about":[{"href":"https:\/\/dominikagrzybek.pl\/index.php\/wp-json\/wp\/v2\/types\/page"}],"author":[{"embeddable":true,"href":"https:\/\/dominikagrzybek.pl\/index.php\/wp-json\/wp\/v2\/users\/1"}],"replies":[{"embeddable":true,"href":"https:\/\/dominikagrzybek.pl\/index.php\/wp-json\/wp\/v2\/comments?post=8"}],"version-history":[{"count":11,"href":"https:\/\/dominikagrzybek.pl\/index.php\/wp-json\/wp\/v2\/pages\/8\/revisions"}],"predecessor-version":[{"id":58,"href":"https:\/\/dominikagrzybek.pl\/index.php\/wp-json\/wp\/v2\/pages\/8\/revisions\/58"}],"wp:attachment":[{"href":"https:\/\/dominikagrzybek.pl\/index.php\/wp-json\/wp\/v2\/media?parent=8"}],"curies":[{"name":"wp","href":"https:\/\/api.w.org\/{rel}","templated":true}]}}